{"id":17,"date":"2022-11-22T17:47:21","date_gmt":"2022-11-22T17:47:21","guid":{"rendered":"http:\/\/localhost\/highclass\/?page_id=17"},"modified":"2022-11-25T05:18:50","modified_gmt":"2022-11-25T05:18:50","slug":"immigration","status":"publish","type":"page","link":"https:\/\/highclass.hr\/hr\/immigration\/","title":{"rendered":"Imigracija"},"content":{"rendered":"<div data-elementor-type=\"wp-page\" data-elementor-id=\"17\" class=\"elementor elementor-17\">\n\t\t\t\t\t\t\t\t\t<section class=\"elementor-section elementor-top-section elementor-element elementor-element-3fa6823 elementor-section-boxed elementor-section-height-default elementor-section-height-default\" data-id=\"3fa6823\" data-element_type=\"section\" data-settings=\"{&quot;background_background&quot;:&quot;classic&quot;}\">\n\t\t\t\t\t\t<div class=\"elementor-container elementor-column-gap-default\">\n\t\t\t\t\t<div class=\"elementor-column elementor-col-100 elementor-top-column elementor-element elementor-element-587a990\" data-id=\"587a990\" data-element_type=\"column\" data-settings=\"{&quot;background_background&quot;:&quot;classic&quot;}\">\n\t\t\t<div class=\"elementor-widget-wrap elementor-element-populated\">\n\t\t\t\t\t<div class=\"elementor-background-overlay\"><\/div>\n\t\t\t\t\t\t\t\t<div class=\"elementor-element elementor-element-217a488 elementor-widget__width-auto elementor-widget elementor-widget-heading\" data-id=\"217a488\" data-element_type=\"widget\" data-widget_type=\"heading.default\">\n\t\t\t\t<div class=\"elementor-widget-container\">\n\t\t\t<style>\/*! elementor - v3.8.1 - 13-11-2022 *\/\n.elementor-heading-title{padding:0;margin:0;line-height:1}.elementor-widget-heading .elementor-heading-title[class*=elementor-size-]>a{color:inherit;font-size:inherit;line-height:inherit}.elementor-widget-heading .elementor-heading-title.elementor-size-small{font-size:15px}.elementor-widget-heading .elementor-heading-title.elementor-size-medium{font-size:19px}.elementor-widget-heading .elementor-heading-title.elementor-size-large{font-size:29px}.elementor-widget-heading .elementor-heading-title.elementor-size-xl{font-size:39px}.elementor-widget-heading .elementor-heading-title.elementor-size-xxl{font-size:59px}<\/style><h2 class=\"elementor-heading-title elementor-size-default\">Imigracijske usluge<\/h2>\t\t<\/div>\n\t\t\t\t<\/div>\n\t\t\t\t\t<\/div>\n\t\t<\/div>\n\t\t\t\t\t\t\t<\/div>\n\t\t<\/section>\n\t\t\t\t<section class=\"elementor-section elementor-top-section elementor-element elementor-element-d98ec80 elementor-section-boxed elementor-section-height-default elementor-section-height-default\" data-id=\"d98ec80\" data-element_type=\"section\">\n\t\t\t\t\t\t<div class=\"elementor-container elementor-column-gap-no\">\n\t\t\t\t\t<div class=\"elementor-column elementor-col-100 elementor-top-column elementor-element elementor-element-e3312b7\" data-id=\"e3312b7\" data-element_type=\"column\">\n\t\t\t<div class=\"elementor-widget-wrap elementor-element-populated\">\n\t\t\t\t\t\t\t\t<div class=\"elementor-element elementor-element-ab50d86 elementor-widget elementor-widget-text-editor\" data-id=\"ab50d86\" data-element_type=\"widget\" data-widget_type=\"text-editor.default\">\n\t\t\t\t<div class=\"elementor-widget-container\">\n\t\t\t<style>\/*! elementor - v3.8.1 - 13-11-2022 *\/\n.elementor-widget-text-editor.elementor-drop-cap-view-stacked .elementor-drop-cap{background-color:#818a91;color:#fff}.elementor-widget-text-editor.elementor-drop-cap-view-framed .elementor-drop-cap{color:#818a91;border:3px solid;background-color:transparent}.elementor-widget-text-editor:not(.elementor-drop-cap-view-default) .elementor-drop-cap{margin-top:8px}.elementor-widget-text-editor:not(.elementor-drop-cap-view-default) .elementor-drop-cap-letter{width:1em;height:1em}.elementor-widget-text-editor .elementor-drop-cap{float:left;text-align:center;line-height:1;font-size:50px}.elementor-widget-text-editor .elementor-drop-cap-letter{display:inline-block}<\/style>\t\t\t\t<p>High Class Relocation poma\u017ee pri isho\u0111ivanju svih potrebnih dozvola koje strani dr\u017eavljanin mora imati kako bi \u017eivio i radio u Hrvatskoj. Nudimo na\u0161u pomo\u0107 pri va\u0111enju dozvole boravka, radne dozvole, pomo\u0107 pri otvaranju tvrtke u Hrvatskoj i sli\u010dno.<\/p><p>Imigracijske procedure mogu biti dugotrajne i komplicirane i u tom slu\u010daju pomo\u0107 iskusnog stru\u010dnjaka od dragocjene je va\u017enosti te mo\u017ee u\u010dini transfer zaposlenika lak\u0161im i ugodnijim.<\/p><p>Informirat \u0107emo Vas o svim dokumentima koji su potrebni za dobivanje odre\u0111enih dozvola, kako ih pripremiti, ispuniti i kad ih je potrebno dostaviti.<\/p><p>Nakon \u0161to se prikupe svi potrebni dokumenti High Class konzultant aplicirati \u0107e za dobivanje potrebnih dozvola.<\/p><p>Na\u0161 konzultant sam \u0107e obilaziti sve dr\u017eavne ustanove, osim u slu\u010daju kada je nu\u017ena prisutnost klijenta. Jednom kada se dozvola odobri, unijet \u0107e se u na\u0161u bazu podataka te nam na taj na\u010din omogu\u0107iti da u slu\u010daju produ\u017eivanja istih klijenta kontaktiramo na vrijeme.<\/p>\t\t\t\t\t\t<\/div>\n\t\t\t\t<\/div>\n\t\t\t\t<div class=\"elementor-element elementor-element-33ed966 elementor-widget elementor-widget-heading\" data-id=\"33ed966\" data-element_type=\"widget\" data-widget_type=\"heading.default\">\n\t\t\t\t<div class=\"elementor-widget-container\">\n\t\t\t<h2 class=\"elementor-heading-title elementor-size-default\">\u0160to je uklju\u010deno?<\/h2>\t\t<\/div>\n\t\t\t\t<\/div>\n\t\t\t\t<div class=\"elementor-element elementor-element-e0ec73d elementor-align-left elementor-mobile-align-left elementor-list-item-link-full_width elementor-widget elementor-widget-icon-list\" data-id=\"e0ec73d\" data-element_type=\"widget\" data-widget_type=\"icon-list.default\">\n\t\t\t\t<div class=\"elementor-widget-container\">\n\t\t\t<link rel=\"stylesheet\" href=\"https:\/\/highclass.hr\/wp-content\/uploads\/elementor\/css\/custom-widget-icon-list.min.css?ver=1669483792\">\t\t<ul class=\"elementor-icon-list-items\">\n\t\t\t\t\t\t\t<li class=\"elementor-icon-list-item\">\n\t\t\t\t\t\t\t\t\t\t\t<span class=\"elementor-icon-list-icon\">\n\t\t\t\t\t\t\t<i aria-hidden=\"true\" class=\"icon icon-document\"><\/i>\t\t\t\t\t\t<\/span>\n\t\t\t\t\t\t\t\t\t\t<span class=\"elementor-icon-list-text\">Aplikacija za vizu i imigraciju<\/span>\n\t\t\t\t\t\t\t\t\t<\/li>\n\t\t\t\t\t\t\t\t<li class=\"elementor-icon-list-item\">\n\t\t\t\t\t\t\t\t\t\t\t<span class=\"elementor-icon-list-icon\">\n\t\t\t\t\t\t\t<i aria-hidden=\"true\" class=\"icon icon-worker\"><\/i>\t\t\t\t\t\t<\/span>\n\t\t\t\t\t\t\t\t\t\t<span class=\"elementor-icon-list-text\">Radna dozvola, boravi\u0161na dozvola, prijava adrese<\/span>\n\t\t\t\t\t\t\t\t\t<\/li>\n\t\t\t\t\t\t\t\t<li class=\"elementor-icon-list-item\">\n\t\t\t\t\t\t\t\t\t\t\t<span class=\"elementor-icon-list-icon\">\n\t\t\t\t\t\t\t<i aria-hidden=\"true\" class=\"icon icon-manager\"><\/i>\t\t\t\t\t\t<\/span>\n\t\t\t\t\t\t\t\t\t\t<span class=\"elementor-icon-list-text\">Upravljanje imigracijskim procesom i pribavljanje vize kod nadle\u017enih tijela u ime klijenta<\/span>\n\t\t\t\t\t\t\t\t\t<\/li>\n\t\t\t\t\t\t\t\t<li class=\"elementor-icon-list-item\">\n\t\t\t\t\t\t\t\t\t\t\t<span class=\"elementor-icon-list-icon\">\n\t\t\t\t\t\t\t<i aria-hidden=\"true\" class=\"icon icon-checked1\"><\/i>\t\t\t\t\t\t<\/span>\n\t\t\t\t\t\t\t\t\t\t<span class=\"elementor-icon-list-text\">Osiguranje da su viza i sve imigracijske dozvole u skladu s lokalnim zahtjevima<\/span>\n\t\t\t\t\t\t\t\t\t<\/li>\n\t\t\t\t\t\t<\/ul>\n\t\t\t\t<\/div>\n\t\t\t\t<\/div>\n\t\t\t\t\t<\/div>\n\t\t<\/div>\n\t\t\t\t\t\t\t<\/div>\n\t\t<\/section>\n\t\t\t\t\t\t\t<\/div>","protected":false},"excerpt":{"rendered":"<p>Immigration service Immigration procedures are very comprehensive and can be very complicated, therefore professional assistance of High Class consultant can make this experience easy and pleasant for both Croatian Manager and the expatriate. High Class Relocation handles all the necessary steps of acquiring work and residence permits for expatriates. We will provide you with a [&hellip;]<\/p>","protected":false},"author":1,"featured_media":0,"parent":0,"menu_order":0,"comment_status":"closed","ping_status":"closed","template":"","meta":{"om_disable_all_campaigns":false,"_mi_skip_tracking":false,"footnotes":""},"class_list":["post-17","page","type-page","status-publish","hentry"],"aioseo_notices":[],"_links":{"self":[{"href":"https:\/\/highclass.hr\/hr\/wp-json\/wp\/v2\/pages\/17","targetHints":{"allow":["GET"]}}],"collection":[{"href":"https:\/\/highclass.hr\/hr\/wp-json\/wp\/v2\/pages"}],"about":[{"href":"https:\/\/highclass.hr\/hr\/wp-json\/wp\/v2\/types\/page"}],"author":[{"embeddable":true,"href":"https:\/\/highclass.hr\/hr\/wp-json\/wp\/v2\/users\/1"}],"replies":[{"embeddable":true,"href":"https:\/\/highclass.hr\/hr\/wp-json\/wp\/v2\/comments?post=17"}],"version-history":[{"count":121,"href":"https:\/\/highclass.hr\/hr\/wp-json\/wp\/v2\/pages\/17\/revisions"}],"predecessor-version":[{"id":2641,"href":"https:\/\/highclass.hr\/hr\/wp-json\/wp\/v2\/pages\/17\/revisions\/2641"}],"wp:attachment":[{"href":"https:\/\/highclass.hr\/hr\/wp-json\/wp\/v2\/media?parent=17"}],"curies":[{"name":"wp","href":"https:\/\/api.w.org\/{rel}","templated":true}]}}