{"id":23,"date":"2022-11-22T17:47:44","date_gmt":"2022-11-22T17:47:44","guid":{"rendered":"http:\/\/localhost\/highclass\/?page_id=23"},"modified":"2022-11-25T21:14:13","modified_gmt":"2022-11-25T21:14:13","slug":"about-us","status":"publish","type":"page","link":"https:\/\/highclass.hr\/hr\/about-us\/","title":{"rendered":"O nama"},"content":{"rendered":"<div data-elementor-type=\"wp-page\" data-elementor-id=\"23\" class=\"elementor elementor-23\">\n\t\t\t\t\t\t\t\t\t<section class=\"elementor-section elementor-top-section elementor-element elementor-element-eff1360 elementor-section-boxed elementor-section-height-default elementor-section-height-default\" data-id=\"eff1360\" data-element_type=\"section\" data-settings=\"{&quot;background_background&quot;:&quot;classic&quot;}\">\n\t\t\t\t\t\t<div class=\"elementor-container elementor-column-gap-default\">\n\t\t\t\t\t<div class=\"elementor-column elementor-col-100 elementor-top-column elementor-element elementor-element-e329ed4\" data-id=\"e329ed4\" data-element_type=\"column\" data-settings=\"{&quot;background_background&quot;:&quot;classic&quot;}\">\n\t\t\t<div class=\"elementor-widget-wrap elementor-element-populated\">\n\t\t\t\t\t<div class=\"elementor-background-overlay\"><\/div>\n\t\t\t\t\t\t\t\t<div class=\"elementor-element elementor-element-dc8043a elementor-widget__width-auto elementor-widget elementor-widget-heading\" data-id=\"dc8043a\" data-element_type=\"widget\" data-widget_type=\"heading.default\">\n\t\t\t\t<div class=\"elementor-widget-container\">\n\t\t\t<style>\/*! elementor - v3.8.1 - 13-11-2022 *\/\n.elementor-heading-title{padding:0;margin:0;line-height:1}.elementor-widget-heading .elementor-heading-title[class*=elementor-size-]>a{color:inherit;font-size:inherit;line-height:inherit}.elementor-widget-heading .elementor-heading-title.elementor-size-small{font-size:15px}.elementor-widget-heading .elementor-heading-title.elementor-size-medium{font-size:19px}.elementor-widget-heading .elementor-heading-title.elementor-size-large{font-size:29px}.elementor-widget-heading .elementor-heading-title.elementor-size-xl{font-size:39px}.elementor-widget-heading .elementor-heading-title.elementor-size-xxl{font-size:59px}<\/style><h2 class=\"elementor-heading-title elementor-size-default\">O nama<\/h2>\t\t<\/div>\n\t\t\t\t<\/div>\n\t\t\t\t\t<\/div>\n\t\t<\/div>\n\t\t\t\t\t\t\t<\/div>\n\t\t<\/section>\n\t\t\t\t<section class=\"elementor-section elementor-top-section elementor-element elementor-element-5ac11ec elementor-section-boxed elementor-section-height-default elementor-section-height-default\" data-id=\"5ac11ec\" data-element_type=\"section\">\n\t\t\t\t\t\t<div class=\"elementor-container elementor-column-gap-no\">\n\t\t\t\t\t<div class=\"elementor-column elementor-col-50 elementor-top-column elementor-element elementor-element-4b70c1e\" data-id=\"4b70c1e\" data-element_type=\"column\">\n\t\t\t<div class=\"elementor-widget-wrap elementor-element-populated\">\n\t\t\t\t\t\t\t\t<div class=\"elementor-element elementor-element-874399f elementor-widget-divider--view-line_text elementor-widget-divider--element-align-left elementor-widget elementor-widget-divider\" data-id=\"874399f\" data-element_type=\"widget\" data-widget_type=\"divider.default\">\n\t\t\t\t<div class=\"elementor-widget-container\">\n\t\t\t<style>\/*! elementor - v3.8.1 - 13-11-2022 *\/\n.elementor-widget-divider{--divider-border-style:none;--divider-border-width:1px;--divider-color:#2c2c2c;--divider-icon-size:20px;--divider-element-spacing:10px;--divider-pattern-height:24px;--divider-pattern-size:20px;--divider-pattern-url:none;--divider-pattern-repeat:repeat-x}.elementor-widget-divider .elementor-divider{display:-webkit-box;display:-ms-flexbox;display:flex}.elementor-widget-divider .elementor-divider__text{font-size:15px;line-height:1;max-width:95%}.elementor-widget-divider .elementor-divider__element{margin:0 var(--divider-element-spacing);-ms-flex-negative:0;flex-shrink:0}.elementor-widget-divider .elementor-icon{font-size:var(--divider-icon-size)}.elementor-widget-divider .elementor-divider-separator{display:-webkit-box;display:-ms-flexbox;display:flex;margin:0;direction:ltr}.elementor-widget-divider--view-line_icon .elementor-divider-separator,.elementor-widget-divider--view-line_text .elementor-divider-separator{-webkit-box-align:center;-ms-flex-align:center;align-items:center}.elementor-widget-divider--view-line_icon .elementor-divider-separator:after,.elementor-widget-divider--view-line_icon .elementor-divider-separator:before,.elementor-widget-divider--view-line_text .elementor-divider-separator:after,.elementor-widget-divider--view-line_text .elementor-divider-separator:before{display:block;content:\"\";border-bottom:0;-webkit-box-flex:1;-ms-flex-positive:1;flex-grow:1;border-top:var(--divider-border-width) var(--divider-border-style) var(--divider-color)}.elementor-widget-divider--element-align-left .elementor-divider .elementor-divider-separator>.elementor-divider__svg:first-of-type{-webkit-box-flex:0;-ms-flex-positive:0;flex-grow:0;-ms-flex-negative:100;flex-shrink:100}.elementor-widget-divider--element-align-left .elementor-divider-separator:before{content:none}.elementor-widget-divider--element-align-left .elementor-divider__element{margin-left:0}.elementor-widget-divider--element-align-right .elementor-divider .elementor-divider-separator>.elementor-divider__svg:last-of-type{-webkit-box-flex:0;-ms-flex-positive:0;flex-grow:0;-ms-flex-negative:100;flex-shrink:100}.elementor-widget-divider--element-align-right .elementor-divider-separator:after{content:none}.elementor-widget-divider--element-align-right .elementor-divider__element{margin-right:0}.elementor-widget-divider:not(.elementor-widget-divider--view-line_text):not(.elementor-widget-divider--view-line_icon) .elementor-divider-separator{border-top:var(--divider-border-width) var(--divider-border-style) var(--divider-color)}.elementor-widget-divider--separator-type-pattern{--divider-border-style:none}.elementor-widget-divider--separator-type-pattern.elementor-widget-divider--view-line .elementor-divider-separator,.elementor-widget-divider--separator-type-pattern:not(.elementor-widget-divider--view-line) .elementor-divider-separator:after,.elementor-widget-divider--separator-type-pattern:not(.elementor-widget-divider--view-line) .elementor-divider-separator:before,.elementor-widget-divider--separator-type-pattern:not([class*=elementor-widget-divider--view]) .elementor-divider-separator{width:100%;min-height:var(--divider-pattern-height);-webkit-mask-size:var(--divider-pattern-size) 100%;mask-size:var(--divider-pattern-size) 100%;-webkit-mask-repeat:var(--divider-pattern-repeat);mask-repeat:var(--divider-pattern-repeat);background-color:var(--divider-color);-webkit-mask-image:var(--divider-pattern-url);mask-image:var(--divider-pattern-url)}.elementor-widget-divider--no-spacing{--divider-pattern-size:auto}.elementor-widget-divider--bg-round{--divider-pattern-repeat:round}.rtl .elementor-widget-divider .elementor-divider__text{direction:rtl}.e-con-inner>.elementor-widget-divider,.e-con>.elementor-widget-divider{width:var(--container-widget-width,100%)}<\/style>\t\t<div class=\"elementor-divider\">\n\t\t\t<span class=\"elementor-divider-separator\">\n\t\t\t\t\t\t\t<span class=\"elementor-divider__text elementor-divider__element\">\n\t\t\t\tJedinstvene relokacijske usluge\t\t\t\t<\/span>\n\t\t\t\t\t\t<\/span>\n\t\t<\/div>\n\t\t\t\t<\/div>\n\t\t\t\t<\/div>\n\t\t\t\t<div class=\"elementor-element elementor-element-e248f7e elementor-widget__width-auto elementor-widget elementor-widget-text-editor\" data-id=\"e248f7e\" data-element_type=\"widget\" data-widget_type=\"text-editor.default\">\n\t\t\t\t<div class=\"elementor-widget-container\">\n\t\t\t<style>\/*! elementor - v3.8.1 - 13-11-2022 *\/\n.elementor-widget-text-editor.elementor-drop-cap-view-stacked .elementor-drop-cap{background-color:#818a91;color:#fff}.elementor-widget-text-editor.elementor-drop-cap-view-framed .elementor-drop-cap{color:#818a91;border:3px solid;background-color:transparent}.elementor-widget-text-editor:not(.elementor-drop-cap-view-default) .elementor-drop-cap{margin-top:8px}.elementor-widget-text-editor:not(.elementor-drop-cap-view-default) .elementor-drop-cap-letter{width:1em;height:1em}.elementor-widget-text-editor .elementor-drop-cap{float:left;text-align:center;line-height:1;font-size:50px}.elementor-widget-text-editor .elementor-drop-cap-letter{display:inline-block}<\/style>\t\t\t\t<p><img loading=\"lazy\" decoding=\"async\" class=\"wp-image-1151 alignleft\" src=\"https:\/\/highclass.hr\/wp-content\/uploads\/2022\/11\/Asset-2-1.png\" alt=\"\" width=\"98\" height=\"98\" srcset=\"https:\/\/highclass.hr\/wp-content\/uploads\/2022\/11\/Asset-2-1.png 162w, https:\/\/highclass.hr\/wp-content\/uploads\/2022\/11\/Asset-2-1-150x150.png 150w, https:\/\/highclass.hr\/wp-content\/uploads\/2022\/11\/Asset-2-1-12x12.png 12w\" sizes=\"auto, (max-width: 98px) 100vw, 98px\" \/>High Class Relocation je tvrtka specijalizirana u pru\u017eanju usluga premje\u0161taja za doma\u0107e i me\u0111unarodne tvrtke, ambasade i njihove strane zaposlenike.\nRelokacijska usluga (usluga vo\u0111enja premje\u0161taja zaposlenika) je jedinstveni servis kreiran posebno za poslovne klijente koji dolaze \u017eivjeti i raditi u Hrvatsku te ovdje tra\u017ee svoj novi dom.\nBlisko sura\u0111uju\u0107i s odjelom ljudskih resursa, olak\u0161avamo premje\u0161taj kako za zaposlenika tako i za tvtku, nude\u0107i temeljitu i individualiziranu uslugu, kako bi se zaposlenik osje\u0107ao ugodno i sigurno pri premje\u0161taju iz svoje zemlje u Hrvatsku.<\/p>\t\t\t\t\t\t<\/div>\n\t\t\t\t<\/div>\n\t\t\t\t\t<\/div>\n\t\t<\/div>\n\t\t\t\t<div class=\"elementor-column elementor-col-50 elementor-top-column elementor-element elementor-element-ddd4db4\" data-id=\"ddd4db4\" data-element_type=\"column\">\n\t\t\t<div class=\"elementor-widget-wrap elementor-element-populated\">\n\t\t\t\t\t\t\t\t<div class=\"elementor-element elementor-element-b6a9e60 elementor-widget-divider--view-line_text elementor-widget-divider--element-align-right elementor-widget elementor-widget-divider\" data-id=\"b6a9e60\" data-element_type=\"widget\" data-widget_type=\"divider.default\">\n\t\t\t\t<div class=\"elementor-widget-container\">\n\t\t\t\t\t<div class=\"elementor-divider\">\n\t\t\t<span class=\"elementor-divider-separator\">\n\t\t\t\t\t\t\t<span class=\"elementor-divider__text elementor-divider__element\">\n\t\t\t\tCijelokupna usluga za sve\t\t\t\t<\/span>\n\t\t\t\t\t\t<\/span>\n\t\t<\/div>\n\t\t\t\t<\/div>\n\t\t\t\t<\/div>\n\t\t\t\t<div class=\"elementor-element elementor-element-518165d elementor-widget__width-auto elementor-widget elementor-widget-text-editor\" data-id=\"518165d\" data-element_type=\"widget\" data-widget_type=\"text-editor.default\">\n\t\t\t\t<div class=\"elementor-widget-container\">\n\t\t\t\t\t\t\t<p><img loading=\"lazy\" decoding=\"async\" class=\"wp-image-1158 alignright\" src=\"https:\/\/highclass.hr\/wp-content\/uploads\/2022\/11\/Asset-9-1.png\" alt=\"\" width=\"104\" height=\"104\" srcset=\"https:\/\/highclass.hr\/wp-content\/uploads\/2022\/11\/Asset-9-1.png 162w, https:\/\/highclass.hr\/wp-content\/uploads\/2022\/11\/Asset-9-1-150x150.png 150w, https:\/\/highclass.hr\/wp-content\/uploads\/2022\/11\/Asset-9-1-12x12.png 12w\" sizes=\"auto, (max-width: 104px) 100vw, 104px\" \/>High Class Relocation  pru\u017ea cijelokupnu uslugu kad su u pitanju potrebe stranih zaposlenika u Hrvatskoj prilago\u0111avaju\u0107i se potpuno klijentovim \u017eeljama i potrebama.\nNa\u0161 popis klijenata je raznolik, od malih tvrtki  u razvoju do velikih me\u0111unarodnih tvrtki i ambasada s visoko slo\u017eenim zahtjevima.<\/p>\t\t\t\t\t\t<\/div>\n\t\t\t\t<\/div>\n\t\t\t\t\t<\/div>\n\t\t<\/div>\n\t\t\t\t\t\t\t<\/div>\n\t\t<\/section>\n\t\t\t\t<section class=\"elementor-section elementor-top-section elementor-element elementor-element-a930dc1 elementor-section-boxed elementor-section-height-default elementor-section-height-default\" data-id=\"a930dc1\" data-element_type=\"section\">\n\t\t\t\t\t\t<div class=\"elementor-container elementor-column-gap-no\">\n\t\t\t\t\t<div class=\"elementor-column elementor-col-50 elementor-top-column elementor-element elementor-element-3f2dc7b\" data-id=\"3f2dc7b\" data-element_type=\"column\">\n\t\t\t<div class=\"elementor-widget-wrap elementor-element-populated\">\n\t\t\t\t\t\t\t\t<div class=\"elementor-element elementor-element-a149192 elementor-widget-divider--view-line_text elementor-widget-divider--element-align-left elementor-widget elementor-widget-divider\" data-id=\"a149192\" data-element_type=\"widget\" data-widget_type=\"divider.default\">\n\t\t\t\t<div class=\"elementor-widget-container\">\n\t\t\t\t\t<div class=\"elementor-divider\">\n\t\t\t<span class=\"elementor-divider-separator\">\n\t\t\t\t\t\t\t<span class=\"elementor-divider__text elementor-divider__element\">\n\t\t\t\tAnaliziramo potrebe klijenata\t\t\t\t<\/span>\n\t\t\t\t\t\t<\/span>\n\t\t<\/div>\n\t\t\t\t<\/div>\n\t\t\t\t<\/div>\n\t\t\t\t<div class=\"elementor-element elementor-element-abfe7d9 elementor-widget__width-auto elementor-widget elementor-widget-text-editor\" data-id=\"abfe7d9\" data-element_type=\"widget\" data-widget_type=\"text-editor.default\">\n\t\t\t\t<div class=\"elementor-widget-container\">\n\t\t\t\t\t\t\t<p><img loading=\"lazy\" decoding=\"async\" class=\"wp-image-1161 alignleft\" src=\"https:\/\/highclass.hr\/wp-content\/uploads\/2022\/11\/Asset-12-1.png\" alt=\"\" width=\"95\" height=\"95\" srcset=\"https:\/\/highclass.hr\/wp-content\/uploads\/2022\/11\/Asset-12-1.png 162w, https:\/\/highclass.hr\/wp-content\/uploads\/2022\/11\/Asset-12-1-150x150.png 150w, https:\/\/highclass.hr\/wp-content\/uploads\/2022\/11\/Asset-12-1-12x12.png 12w\" sizes=\"auto, (max-width: 95px) 100vw, 95px\" \/>U prvoj fazi suradnje saznajemo potrebe klijenta, ocjenjuju\u0107i i procjenjuju\u0107i svakog klijenta osobno. Pritom analiziramo razlike izme\u0111u zemlje iz koje klijent dolazi i Hrvatske poku\u0161avaju\u0107i na taj na\u010din pripremiti na\u0161eg klijenta za dolazak u novu kulturu i okolinu.<\/p>\t\t\t\t\t\t<\/div>\n\t\t\t\t<\/div>\n\t\t\t\t\t<\/div>\n\t\t<\/div>\n\t\t\t\t<div class=\"elementor-column elementor-col-50 elementor-top-column elementor-element elementor-element-50b17fe\" data-id=\"50b17fe\" data-element_type=\"column\">\n\t\t\t<div class=\"elementor-widget-wrap elementor-element-populated\">\n\t\t\t\t\t\t\t\t<div class=\"elementor-element elementor-element-95e62e3 elementor-widget-divider--view-line_text elementor-widget-divider--element-align-right elementor-widget elementor-widget-divider\" data-id=\"95e62e3\" data-element_type=\"widget\" data-widget_type=\"divider.default\">\n\t\t\t\t<div class=\"elementor-widget-container\">\n\t\t\t\t\t<div class=\"elementor-divider\">\n\t\t\t<span class=\"elementor-divider-separator\">\n\t\t\t\t\t\t\t<span class=\"elementor-divider__text elementor-divider__element\">\n\t\t\t\tPratimo i informiramo\t\t\t\t<\/span>\n\t\t\t\t\t\t<\/span>\n\t\t<\/div>\n\t\t\t\t<\/div>\n\t\t\t\t<\/div>\n\t\t\t\t<div class=\"elementor-element elementor-element-5a6c5cc elementor-widget__width-auto elementor-widget elementor-widget-text-editor\" data-id=\"5a6c5cc\" data-element_type=\"widget\" data-widget_type=\"text-editor.default\">\n\t\t\t\t<div class=\"elementor-widget-container\">\n\t\t\t\t\t\t\t<p><img loading=\"lazy\" decoding=\"async\" class=\"wp-image-1162 alignright\" src=\"https:\/\/highclass.hr\/wp-content\/uploads\/2022\/11\/Asset-13-1.png\" alt=\"\" width=\"105\" height=\"105\" srcset=\"https:\/\/highclass.hr\/wp-content\/uploads\/2022\/11\/Asset-13-1.png 162w, https:\/\/highclass.hr\/wp-content\/uploads\/2022\/11\/Asset-13-1-150x150.png 150w, https:\/\/highclass.hr\/wp-content\/uploads\/2022\/11\/Asset-13-1-12x12.png 12w\" sizes=\"auto, (max-width: 105px) 100vw, 105px\" \/>Tako\u0111er smo u bliskom kontaktu s tvrtkom klijenta kako bi oni u svakom trenutku bili informirani o tijeku na\u0161ih aktivnosti te mogli donositi odluke bitne za premje\u0161taj njihovog novog zaposlenika. Bliska suradnja s vodstvom tvrtke u koju klijent dolazi raditi omogu\u0107ava nam da ponudimo odgovaraju\u0107e informacije i da osobe zadu\u017eene za premje\u0161taj novog zaposlenika budu informirane  o svakoj fazi njegovog premje\u0161taja.<\/p>\t\t\t\t\t\t<\/div>\n\t\t\t\t<\/div>\n\t\t\t\t\t<\/div>\n\t\t<\/div>\n\t\t\t\t\t\t\t<\/div>\n\t\t<\/section>\n\t\t\t\t<section class=\"elementor-section elementor-top-section elementor-element elementor-element-9d7d766 elementor-section-boxed elementor-section-height-default elementor-section-height-default\" data-id=\"9d7d766\" data-element_type=\"section\">\n\t\t\t\t\t\t<div class=\"elementor-container elementor-column-gap-no\">\n\t\t\t\t\t<div class=\"elementor-column elementor-col-50 elementor-top-column elementor-element elementor-element-e425cb1\" data-id=\"e425cb1\" data-element_type=\"column\">\n\t\t\t<div class=\"elementor-widget-wrap elementor-element-populated\">\n\t\t\t\t\t\t\t\t<div class=\"elementor-element elementor-element-f527361 elementor-widget-divider--view-line_text elementor-widget-divider--element-align-left elementor-widget elementor-widget-divider\" data-id=\"f527361\" data-element_type=\"widget\" data-widget_type=\"divider.default\">\n\t\t\t\t<div class=\"elementor-widget-container\">\n\t\t\t\t\t<div class=\"elementor-divider\">\n\t\t\t<span class=\"elementor-divider-separator\">\n\t\t\t\t\t\t\t<span class=\"elementor-divider__text elementor-divider__element\">\n\t\t\t\tPouzdani savjetnici\t\t\t\t<\/span>\n\t\t\t\t\t\t<\/span>\n\t\t<\/div>\n\t\t\t\t<\/div>\n\t\t\t\t<\/div>\n\t\t\t\t<div class=\"elementor-element elementor-element-a0f6e2b elementor-widget__width-auto elementor-widget elementor-widget-text-editor\" data-id=\"a0f6e2b\" data-element_type=\"widget\" data-widget_type=\"text-editor.default\">\n\t\t\t\t<div class=\"elementor-widget-container\">\n\t\t\t\t\t\t\t<p><img loading=\"lazy\" decoding=\"async\" class=\"wp-image-1157 alignleft\" src=\"https:\/\/highclass.hr\/wp-content\/uploads\/2022\/11\/Asset-8-1.png\" alt=\"\" width=\"98\" height=\"98\" srcset=\"https:\/\/highclass.hr\/wp-content\/uploads\/2022\/11\/Asset-8-1.png 162w, https:\/\/highclass.hr\/wp-content\/uploads\/2022\/11\/Asset-8-1-150x150.png 150w, https:\/\/highclass.hr\/wp-content\/uploads\/2022\/11\/Asset-8-1-12x12.png 12w\" sizes=\"auto, (max-width: 98px) 100vw, 98px\" \/>Kako je posao prili\u010dno dinami\u010dan, tvrtke za premje\u0161taj moraju mo\u0107i pratiti taj tempo. Radilo se o promjeni odre\u0111enih zakona, npr. zakona o nekretninama, zakona o radu, ili drugim promjenama, mi smo na\u0161im klijentima na usluzi  kao pouzdani savjetnici osiguravaju\u0107i na taj na\u010din uskla\u0111enost i produktivnost.<\/p>\t\t\t\t\t\t<\/div>\n\t\t\t\t<\/div>\n\t\t\t\t\t<\/div>\n\t\t<\/div>\n\t\t\t\t<div class=\"elementor-column elementor-col-50 elementor-top-column elementor-element elementor-element-175d862\" data-id=\"175d862\" data-element_type=\"column\">\n\t\t\t<div class=\"elementor-widget-wrap elementor-element-populated\">\n\t\t\t\t\t\t\t\t<div class=\"elementor-element elementor-element-f1fce17 elementor-widget-divider--view-line_text elementor-widget-divider--element-align-right elementor-widget elementor-widget-divider\" data-id=\"f1fce17\" data-element_type=\"widget\" data-widget_type=\"divider.default\">\n\t\t\t\t<div class=\"elementor-widget-container\">\n\t\t\t\t\t<div class=\"elementor-divider\">\n\t\t\t<span class=\"elementor-divider-separator\">\n\t\t\t\t\t\t\t<span class=\"elementor-divider__text elementor-divider__element\">\n\t\t\t\tNa\u0161a misija i vizija\t\t\t\t<\/span>\n\t\t\t\t\t\t<\/span>\n\t\t<\/div>\n\t\t\t\t<\/div>\n\t\t\t\t<\/div>\n\t\t\t\t<div class=\"elementor-element elementor-element-4181ff4 elementor-widget__width-auto elementor-widget elementor-widget-text-editor\" data-id=\"4181ff4\" data-element_type=\"widget\" data-widget_type=\"text-editor.default\">\n\t\t\t\t<div class=\"elementor-widget-container\">\n\t\t\t\t\t\t\t<p><img loading=\"lazy\" decoding=\"async\" class=\"wp-image-1156 alignright\" src=\"https:\/\/highclass.hr\/wp-content\/uploads\/2022\/11\/Asset-7-1.png\" alt=\"\" width=\"100\" height=\"100\" srcset=\"https:\/\/highclass.hr\/wp-content\/uploads\/2022\/11\/Asset-7-1.png 162w, https:\/\/highclass.hr\/wp-content\/uploads\/2022\/11\/Asset-7-1-150x150.png 150w, https:\/\/highclass.hr\/wp-content\/uploads\/2022\/11\/Asset-7-1-12x12.png 12w\" sizes=\"auto, (max-width: 100px) 100vw, 100px\" \/><span style=\"font-size: 16px;\">Na\u0161a je vizija biti vode\u0107i hrvatski pru\u017eatelj usluga potpore strancima prilikom njihova premje\u0161taja u Hrvatsku.\nNa\u0161a misija je izgraditi pouzdan odnos s na\u0161im klijentima, osiguravaju\u0107i im vrhunsku uslugu baziranu na profesionalizmu, po\u0161tovanju i pouzdanosti, prilago\u0111avaju\u0107i se potpuno njihovim \u017eeljama i potrebama.  Nama su na\u0161i klijenti na prvom mjestu te smatramo da oni zaslu\u017euju samo High Class uslugu prilikom njihova preseljenja u Hrvatsku.<\/span><\/p>\t\t\t\t\t\t<\/div>\n\t\t\t\t<\/div>\n\t\t\t\t\t<\/div>\n\t\t<\/div>\n\t\t\t\t\t\t\t<\/div>\n\t\t<\/section>\n\t\t\t\t\t\t\t<\/div>","protected":false},"excerpt":{"rendered":"<p>About us Unique relocation service High Class Relocation is a unique service specialized in providing professional relocation solutions for companies and their international employees relocating to Croatia. By working in close coordination with human resources official at the company, we simplify relocation for both the company and the employees, yet providing a personalized and meticulous [&hellip;]<\/p>","protected":false},"author":1,"featured_media":0,"parent":0,"menu_order":0,"comment_status":"closed","ping_status":"closed","template":"","meta":{"om_disable_all_campaigns":false,"_mi_skip_tracking":false,"footnotes":""},"class_list":["post-23","page","type-page","status-publish","hentry"],"aioseo_notices":[],"_links":{"self":[{"href":"https:\/\/highclass.hr\/hr\/wp-json\/wp\/v2\/pages\/23","targetHints":{"allow":["GET"]}}],"collection":[{"href":"https:\/\/highclass.hr\/hr\/wp-json\/wp\/v2\/pages"}],"about":[{"href":"https:\/\/highclass.hr\/hr\/wp-json\/wp\/v2\/types\/page"}],"author":[{"embeddable":true,"href":"https:\/\/highclass.hr\/hr\/wp-json\/wp\/v2\/users\/1"}],"replies":[{"embeddable":true,"href":"https:\/\/highclass.hr\/hr\/wp-json\/wp\/v2\/comments?post=23"}],"version-history":[{"count":157,"href":"https:\/\/highclass.hr\/hr\/wp-json\/wp\/v2\/pages\/23\/revisions"}],"predecessor-version":[{"id":3155,"href":"https:\/\/highclass.hr\/hr\/wp-json\/wp\/v2\/pages\/23\/revisions\/3155"}],"wp:attachment":[{"href":"https:\/\/highclass.hr\/hr\/wp-json\/wp\/v2\/media?parent=23"}],"curies":[{"name":"wp","href":"https:\/\/api.w.org\/{rel}","templated":true}]}}